{"id":9,"date":"2026-04-26T11:05:17","date_gmt":"2026-04-26T09:05:17","guid":{"rendered":"http:\/\/pavimentiepareti.alfazeta.it\/?page_id=9"},"modified":"2026-04-26T11:59:03","modified_gmt":"2026-04-26T09:59:03","slug":"chi-siamo","status":"publish","type":"page","link":"https:\/\/pavimentiepareti.alfazeta.it\/index.php\/chi-siamo\/","title":{"rendered":"CHI SIAMO"},"content":{"rendered":"\n<h2 class=\"wp-block-heading\">Pavimenti e Pareti<\/h2>\n\n\n\n<p><strong>di Liana Tereshchuk<\/strong><\/p>\n\n\n\n<p>Pavimenti e Pareti nasce dalla passione autentica di Liana Tereshchuk per il mondo delle finiture e delle superfici. Dopo anni di lavoro d\u2019ufficio, Liana ha scelto di seguire il suo sogno nel cassetto e di trasformare un interesse profondo in una vera e propria professione.<\/p>\n\n\n\n<p>L\u2019azienda si occupa di <strong>rifacimento e rinnovamento di pitture, pavimenti e piastrelle<\/strong>, offrendo soluzioni curate nei minimi dettagli, moderne e personalizzate. Ogni progetto \u00e8 seguito con attenzione artigianale, ascoltando le esigenze del cliente e valorizzando ogni ambiente, dal pi\u00f9 piccolo spazio domestico agli ambienti pi\u00f9 ampi.<\/p>\n\n\n\n<p>Ci\u00f2 che distingue Pavimenti e Pareti \u00e8 l\u2019amore per il lavoro ben fatto, la precisione e il desiderio di dare nuova vita alle superfici, unendo estetica, funzionalit\u00e0 e materiali di qualit\u00e0. Per Liana, ogni intervento non \u00e8 solo un lavoro, ma l\u2019occasione per realizzare qualcosa di unico e duraturo.<\/p>\n\n\n\n<p><strong>Pavimenti e Pareti<\/strong>: quando la passione diventa mestiere e i sogni prendono forma, una superficie alla volta.<\/p>\n","protected":false},"excerpt":{"rendered":"<p>Pavimenti e Pareti di Liana Tereshchuk Pavimenti e Pareti nasce dalla passione autentica di Liana Tereshchuk per il mondo delle finiture e delle superfici. Dopo anni di lavoro d\u2019ufficio, Liana ha scelto di seguire il suo sogno nel cassetto e di trasformare un interesse profondo in una vera e propria professione. L\u2019azienda si occupa di [&hellip;]<\/p>\n","protected":false},"author":1,"featured_media":0,"parent":0,"menu_order":0,"comment_status":"closed","ping_status":"closed","template":"","meta":{"footnotes":""},"class_list":["post-9","page","type-page","status-publish","hentry"],"_links":{"self":[{"href":"https:\/\/pavimentiepareti.alfazeta.it\/index.php\/wp-json\/wp\/v2\/pages\/9","targetHints":{"allow":["GET"]}}],"collection":[{"href":"https:\/\/pavimentiepareti.alfazeta.it\/index.php\/wp-json\/wp\/v2\/pages"}],"about":[{"href":"https:\/\/pavimentiepareti.alfazeta.it\/index.php\/wp-json\/wp\/v2\/types\/page"}],"author":[{"embeddable":true,"href":"https:\/\/pavimentiepareti.alfazeta.it\/index.php\/wp-json\/wp\/v2\/users\/1"}],"replies":[{"embeddable":true,"href":"https:\/\/pavimentiepareti.alfazeta.it\/index.php\/wp-json\/wp\/v2\/comments?post=9"}],"version-history":[{"count":5,"href":"https:\/\/pavimentiepareti.alfazeta.it\/index.php\/wp-json\/wp\/v2\/pages\/9\/revisions"}],"predecessor-version":[{"id":22,"href":"https:\/\/pavimentiepareti.alfazeta.it\/index.php\/wp-json\/wp\/v2\/pages\/9\/revisions\/22"}],"wp:attachment":[{"href":"https:\/\/pavimentiepareti.alfazeta.it\/index.php\/wp-json\/wp\/v2\/media?parent=9"}],"curies":[{"name":"wp","href":"https:\/\/api.w.org\/{rel}","templated":true}]}}